{"id":371,"date":"2022-10-25T10:12:01","date_gmt":"2022-10-25T10:12:01","guid":{"rendered":"https:\/\/hof-holzweg.de\/?page_id=371"},"modified":"2025-06-23T09:49:18","modified_gmt":"2025-06-23T07:49:18","slug":"impressum-und-datenschutzerklaerung","status":"publish","type":"page","link":"https:\/\/hof-holzweg.de\/index.php\/impressum-und-datenschutzerklaerung\/","title":{"rendered":"Impressum und Datenschutzerkl\u00e4rung"},"content":{"rendered":"\n<h2 class=\"wp-block-heading\">Adresse:<\/h2>\n\n\n\n<p>Hof Holzweg1<br>57632 Orfgen<\/p>\n\n\n\n<h2 class=\"wp-block-heading\">Datenschutzerkl\u00e4rung:<\/h2>\n\n\n\n<p>Wir m\u00f6chte Sie darauf aufmerksam machen das jegliche Informationen, die unverschl\u00fcsselt \u00fcbertragen werden, im Prinzip von dritten Parteien abgefangen werden k\u00f6nnen. Weiterhin k\u00f6nnen WordPress-Pakete, die auf hof-holzweg.de verwendet werden, Produkte von Drittanbietern nutzen, so dass Sie bei Nutzung dieser Website sich auch mit den Cookie und Datenschutzrichtlinien dieser Drittanbieter einverstanden erkl\u00e4ren. N\u00e4here Informationen finden Sie dazu hier: https:\/\/wordpress.org\/ (Website an sich), https:\/\/themeisle.com\/themes\/neve\/ (Webpage style) und https:\/\/wordpress.org\/plugins\/contact-form-7\/ (Kontakt Formular). Dies kann zur Folge haben, dass ihre IP-Adresse an den Drittanbieter weitergeleitet wird. Mit der Nutzung dieser Website (hof-holzweg.de) erkl\u00e4ren Sie sich damit einverstanden. hof-holzweg.de selbst nutzt keine Cookies und speichert auch ihrer IP-Adresse nicht.<\/p>\n\n\n\n<p>In F\u00e4llen in denen Sie sich aktiv auf dieser Website (hof-holzweg.de) beteiligen, zum Beispiel wenn Sie sich in eine Emailliste eintragen oder einen Blog Beitrag kommentieren, werden die durch Sie angegeben Daten gegebenenfalls gespeichert und\/oder an uns weiter geleitet. Sollten Namen (oder Alias), Emailadresse (usw.) bei einem Kommentar angegeben werden, sind diese \u00f6ffentlich einsehbar. Durch die Nutzung solcher Funktionen erkl\u00e4ren Sie sich mit dem Speichern der n\u00f6tigen Daten einverstanden. Wir (hof-holzweg.de) gebe keine Daten an dritte Parteien weiter, ohne vorher die Zustimmung der Person eingeholt zu haben, die uns diese Daten zur Verf\u00fcgung gestellt hat.<\/p>\n\n\n\n<p>hof-holzweg.de ist nicht f\u00fcr den Inhalt der Websites, die auf dieser Seite verlinkt sind, verantwortlich. <\/p>\n\n\n\n<h2 class=\"wp-block-heading\">Hinweis zu Inhalten:<\/h2>\n\n\n\n<p>Die hier ver\u00f6ffentlichten Artikel geben ausschlie\u00dflich die Meinung und Position des Autors wieder und nicht die Meinung der Firmen, Organisationen und Institutionen denen der jeweilige Autor angeh\u00f6rt. Trotz \u00e4u\u00dferster Vorsicht beim Zusammenstellen des Inhalts dieses Blogs k\u00f6nnen die hier ver\u00f6ffentlichen Beitr\u00e4ge von der Zeit \u00fcberholt werden. Wir garantieren somit nicht, das die hier ver\u00f6ffentlichten Texte aktuell und\/oder korrekt bleiben. Auf diesem Blog befinden sich Links zu anderen Websites. Wir haben keine Kontrolle \u00fcber den Inhalt dieser Websites aus diesem Grund liegt die Haftung f\u00fcr den Inhalt der auf diesem Blog verlinkten Websites ausschlie\u00dflich bei den Eigent\u00fcmer:innen oder Betreiber:innen der jeweiligen Website und nicht bei uns.<\/p>\n\n\n\n<h2 class=\"wp-block-heading\">Hinweis zu Bildern:<\/h2>\n\n\n\n<p>Die gezeigten Bilder wurden entweder durch die Familie Deisting gemacht oder durch <strong>lichtdesign_rundumspferd<\/strong> &#8211; Kontakt: <strong>RundumsPferd13@gmx.de<\/strong><\/p>\n\n\n\n<h2 class=\"wp-block-heading\"><strong>Verantwortlich f\u00fcr die Inhalte dieser Website:<\/strong><\/h2>\n\n\n\n<p>Alexander Deisting<br>Orfgen, Deutschland<br>Email: info[at]hof-holzweg.de<\/p>\n","protected":false},"excerpt":{"rendered":"<p>Adresse: Hof Holzweg157632 Orfgen Datenschutzerkl\u00e4rung: Wir m\u00f6chte Sie darauf aufmerksam machen das jegliche Informationen, die unverschl\u00fcsselt \u00fcbertragen werden, im Prinzip von dritten Parteien abgefangen werden k\u00f6nnen. Weiterhin k\u00f6nnen WordPress-Pakete, die auf hof-holzweg.de verwendet werden, Produkte von Drittanbietern nutzen, so dass Sie bei Nutzung dieser Website sich auch mit den Cookie und Datenschutzrichtlinien dieser Drittanbieter einverstanden&hellip;&nbsp;<a href=\"https:\/\/hof-holzweg.de\/index.php\/impressum-und-datenschutzerklaerung\/\" rel=\"bookmark\">Weiterlesen &raquo;<span class=\"screen-reader-text\">Impressum und Datenschutzerkl\u00e4rung<\/span><\/a><\/p>\n","protected":false},"author":1,"featured_media":0,"parent":0,"menu_order":0,"comment_status":"closed","ping_status":"closed","template":"","meta":{"neve_meta_sidebar":"","neve_meta_container":"","neve_meta_enable_content_width":"","neve_meta_content_width":0,"neve_meta_title_alignment":"","neve_meta_author_avatar":"","neve_post_elements_order":"","neve_meta_disable_header":"","neve_meta_disable_footer":"","neve_meta_disable_title":"","footnotes":""},"class_list":["post-371","page","type-page","status-publish","hentry"],"_links":{"self":[{"href":"https:\/\/hof-holzweg.de\/index.php\/wp-json\/wp\/v2\/pages\/371","targetHints":{"allow":["GET"]}}],"collection":[{"href":"https:\/\/hof-holzweg.de\/index.php\/wp-json\/wp\/v2\/pages"}],"about":[{"href":"https:\/\/hof-holzweg.de\/index.php\/wp-json\/wp\/v2\/types\/page"}],"author":[{"embeddable":true,"href":"https:\/\/hof-holzweg.de\/index.php\/wp-json\/wp\/v2\/users\/1"}],"replies":[{"embeddable":true,"href":"https:\/\/hof-holzweg.de\/index.php\/wp-json\/wp\/v2\/comments?post=371"}],"version-history":[{"count":11,"href":"https:\/\/hof-holzweg.de\/index.php\/wp-json\/wp\/v2\/pages\/371\/revisions"}],"predecessor-version":[{"id":502,"href":"https:\/\/hof-holzweg.de\/index.php\/wp-json\/wp\/v2\/pages\/371\/revisions\/502"}],"wp:attachment":[{"href":"https:\/\/hof-holzweg.de\/index.php\/wp-json\/wp\/v2\/media?parent=371"}],"curies":[{"name":"wp","href":"https:\/\/api.w.org\/{rel}","templated":true}]}}