{"id":56,"date":"2020-11-15T13:42:21","date_gmt":"2020-11-15T12:42:21","guid":{"rendered":"https:\/\/hofholzweg.wordpress.com\/?page_id=56"},"modified":"2025-05-26T08:29:19","modified_gmt":"2025-05-26T06:29:19","slug":"gemeinschaftsacker","status":"publish","type":"page","link":"https:\/\/hof-holzweg.de\/index.php\/gemeinschaftsacker\/","title":{"rendered":"Gemeinschaftsacker"},"content":{"rendered":"\n<p>Der Gemeinschaftsacker ist eine Teilparzelle eines Ackerschlages unseres Betriebs, der als Gem\u00fcse-\/ Kartoffelanbaufl\u00e4che genutzt wird. Menschen, die Spa\u00df an der Gartenarbeit haben und nachhaltig erzeugte Produkte aus der Region wertsch\u00e4tzen, geh\u00f6ren zu den Mitgliedern der Ackergemeinschaft.<\/p>\n\n\n\n<p>Durch das Gemeinschaftsackerprojekt, welches seit 2020 besteht, wird verdeutlicht, wie abwechslungsreich regional erzeugte Gem\u00fcsearten sein k\u00f6nnen, trotz saisonaler Abh\u00e4ngigkeit.<\/p>\n\n\n\n<p>Der Anbauplan, der gemeinschaftlich erstellt wurde, ist im Anschluss aufgelistet.<\/p>\n\n\n\n<p>Aussaat, Pflanzung, Pflege und Ernte werden durch die Mitglieder geleistet. Anfallende Kosten und die Ernte werden unter der Gemeinschaft aufgeteilt. Einige Pflegearbeiten werden von einem Arbeitspferd durchgef\u00fchrt, wie z. B. das Kartoffel h\u00e4ufeln, dadurch kann auf dem Acker l\u00e4ngst vergessene landwirtschaftliche Tradition wiederbelebt werden.  <\/p>\n\n\n\n<figure class=\"wp-block-image size-large\"><img loading=\"lazy\" decoding=\"async\" width=\"960\" height=\"1280\" src=\"https:\/\/hofholzweg.files.wordpress.com\/2021\/03\/img_20200410_123114_820-1.jpg?w=768\" alt=\"\" class=\"wp-image-252\" srcset=\"https:\/\/hof-holzweg.de\/wp-content\/uploads\/2021\/03\/img_20200410_123114_820-1.jpg 960w, https:\/\/hof-holzweg.de\/wp-content\/uploads\/2021\/03\/img_20200410_123114_820-1-225x300.jpg 225w, https:\/\/hof-holzweg.de\/wp-content\/uploads\/2021\/03\/img_20200410_123114_820-1-768x1024.jpg 768w\" sizes=\"auto, (max-width: 960px) 100vw, 960px\" \/><\/figure>\n\n\n\n<p><\/p>\n\n\n\n<h2 class=\"wp-block-heading\"><strong>Anbau:<\/strong><\/h2>\n\n\n\n<p>Karotten, Radies, rote Bete, K\u00fcrbis, Zucchini, verschiedene Salatarten, Broccoli, Blumenkohl, Wirsing, Wei\u00dfkohl, Kohlrabi, Rotkohl, Gr\u00fcnkohl, Salatgurken, Zwiebeln, Porree, Kartoffeln, Zuckererbsen, Buschbohnen, Chinakohl<\/p>\n\n\n\n<p><\/p>\n\n\n\n<figure class=\"wp-block-gallery has-nested-images columns-default is-cropped wp-block-gallery-1 is-layout-flex wp-block-gallery-is-layout-flex\">\n<figure class=\"wp-block-image size-large\"><img loading=\"lazy\" decoding=\"async\" width=\"960\" height=\"1280\" data-id=\"348\" src=\"https:\/\/hofholzweg.files.wordpress.com\/2022\/08\/photo_2022-08-08-23.13.29.jpeg?w=768\" alt=\"Der Gemeinschaftsacker im Juli 2022\" class=\"wp-image-348\" srcset=\"https:\/\/hof-holzweg.de\/wp-content\/uploads\/2022\/08\/photo_2022-08-08-23.13.29.jpeg 960w, https:\/\/hof-holzweg.de\/wp-content\/uploads\/2022\/08\/photo_2022-08-08-23.13.29-225x300.jpeg 225w, https:\/\/hof-holzweg.de\/wp-content\/uploads\/2022\/08\/photo_2022-08-08-23.13.29-768x1024.jpeg 768w\" sizes=\"auto, (max-width: 960px) 100vw, 960px\" \/><\/figure>\n\n\n\n<figure class=\"wp-block-image size-large\"><img decoding=\"async\" data-id=\"350\" src=\"https:\/\/hofholzweg.files.wordpress.com\/2022\/08\/img_20220806_1056060.jpg?w=1024\" alt=\"Der Gemeinschaftsacker im August 2022\" class=\"wp-image-350\"\/><\/figure>\n\n\n\n<figure class=\"wp-block-image size-large\"><img decoding=\"async\" data-id=\"351\" src=\"https:\/\/hofholzweg.files.wordpress.com\/2022\/08\/img_20220806_1055440.jpg?w=1024\" alt=\"Der Gemeinschaftsacker im August 2022\" class=\"wp-image-351\"\/><\/figure>\n\n\n\n<figure class=\"wp-block-image size-large\"><img loading=\"lazy\" decoding=\"async\" width=\"768\" height=\"1024\" data-id=\"446\" src=\"https:\/\/hof-holzweg.de\/wp-content\/uploads\/2023\/10\/image00030-768x1024.jpeg\" alt=\"Justus zwischen den Kartoffeln 2023\" class=\"wp-image-446\" srcset=\"https:\/\/hof-holzweg.de\/wp-content\/uploads\/2023\/10\/image00030-768x1024.jpeg 768w, https:\/\/hof-holzweg.de\/wp-content\/uploads\/2023\/10\/image00030-225x300.jpeg 225w, https:\/\/hof-holzweg.de\/wp-content\/uploads\/2023\/10\/image00030-1152x1536.jpeg 1152w, https:\/\/hof-holzweg.de\/wp-content\/uploads\/2023\/10\/image00030-1536x2048.jpeg 1536w, https:\/\/hof-holzweg.de\/wp-content\/uploads\/2023\/10\/image00030-scaled.jpeg 1920w\" sizes=\"auto, (max-width: 768px) 100vw, 768px\" \/><\/figure>\n\n\n\n<figure class=\"wp-block-image size-large\"><img loading=\"lazy\" decoding=\"async\" width=\"768\" height=\"1024\" data-id=\"444\" src=\"https:\/\/hof-holzweg.de\/wp-content\/uploads\/2023\/10\/IMG_20230706_111827-768x1024.jpg\" alt=\"Gemeinschaftsacker am Beginn der Saison 2023\" class=\"wp-image-444\" srcset=\"https:\/\/hof-holzweg.de\/wp-content\/uploads\/2023\/10\/IMG_20230706_111827-768x1024.jpg 768w, https:\/\/hof-holzweg.de\/wp-content\/uploads\/2023\/10\/IMG_20230706_111827-225x300.jpg 225w, https:\/\/hof-holzweg.de\/wp-content\/uploads\/2023\/10\/IMG_20230706_111827-1152x1536.jpg 1152w, https:\/\/hof-holzweg.de\/wp-content\/uploads\/2023\/10\/IMG_20230706_111827-1536x2048.jpg 1536w, https:\/\/hof-holzweg.de\/wp-content\/uploads\/2023\/10\/IMG_20230706_111827-scaled.jpg 1920w\" sizes=\"auto, (max-width: 768px) 100vw, 768px\" \/><\/figure>\n<\/figure>\n","protected":false},"excerpt":{"rendered":"<p>Der Gemeinschaftsacker ist eine Teilparzelle eines Ackerschlages unseres Betriebs, der als Gem\u00fcse-\/ Kartoffelanbaufl\u00e4che genutzt wird. Menschen, die Spa\u00df an der Gartenarbeit haben und nachhaltig erzeugte Produkte aus der Region wertsch\u00e4tzen, geh\u00f6ren zu den Mitgliedern der Ackergemeinschaft. Durch das Gemeinschaftsackerprojekt, welches seit 2020 besteht, wird verdeutlicht, wie abwechslungsreich regional erzeugte Gem\u00fcsearten sein k\u00f6nnen, trotz saisonaler Abh\u00e4ngigkeit.&hellip;&nbsp;<a href=\"https:\/\/hof-holzweg.de\/index.php\/gemeinschaftsacker\/\" rel=\"bookmark\">Weiterlesen &raquo;<span class=\"screen-reader-text\">Gemeinschaftsacker<\/span><\/a><\/p>\n","protected":false},"author":2,"featured_media":0,"parent":0,"menu_order":0,"comment_status":"closed","ping_status":"closed","template":"","meta":{"neve_meta_sidebar":"","neve_meta_container":"","neve_meta_enable_content_width":"","neve_meta_content_width":0,"neve_meta_title_alignment":"","neve_meta_author_avatar":"","neve_post_elements_order":"","neve_meta_disable_header":"","neve_meta_disable_footer":"","neve_meta_disable_title":"","footnotes":""},"class_list":["post-56","page","type-page","status-publish","hentry"],"_links":{"self":[{"href":"https:\/\/hof-holzweg.de\/index.php\/wp-json\/wp\/v2\/pages\/56","targetHints":{"allow":["GET"]}}],"collection":[{"href":"https:\/\/hof-holzweg.de\/index.php\/wp-json\/wp\/v2\/pages"}],"about":[{"href":"https:\/\/hof-holzweg.de\/index.php\/wp-json\/wp\/v2\/types\/page"}],"author":[{"embeddable":true,"href":"https:\/\/hof-holzweg.de\/index.php\/wp-json\/wp\/v2\/users\/2"}],"replies":[{"embeddable":true,"href":"https:\/\/hof-holzweg.de\/index.php\/wp-json\/wp\/v2\/comments?post=56"}],"version-history":[{"count":5,"href":"https:\/\/hof-holzweg.de\/index.php\/wp-json\/wp\/v2\/pages\/56\/revisions"}],"predecessor-version":[{"id":468,"href":"https:\/\/hof-holzweg.de\/index.php\/wp-json\/wp\/v2\/pages\/56\/revisions\/468"}],"wp:attachment":[{"href":"https:\/\/hof-holzweg.de\/index.php\/wp-json\/wp\/v2\/media?parent=56"}],"curies":[{"name":"wp","href":"https:\/\/api.w.org\/{rel}","templated":true}]}}